{"id":2,"date":"2016-05-10T03:48:21","date_gmt":"2016-05-10T03:48:21","guid":{"rendered":"https:\/\/bch-multiscan.de\/?page_id=2"},"modified":"2023-10-10T06:54:53","modified_gmt":"2023-10-10T06:54:53","slug":"sample-page","status":"publish","type":"page","link":"https:\/\/bch-multiscan.de\/","title":{"rendered":"Mobile Mapping 3D-Laserscanning-System"},"content":{"rendered":"\n<div class=\"wp-block-columns are-vertically-aligned-top is-layout-flex wp-container-4 wp-block-columns-is-layout-flex\">\n<div class=\"wp-block-column is-layout-flow wp-block-column-is-layout-flow\">\n<h2 class=\"wp-block-heading\">Innovative Erfassung von Flugbetriebsfl\u00e4chen<\/h2>\n\n\n\n<div class=\"wp-block-columns is-layout-flex wp-container-2 wp-block-columns-is-layout-flex\">\n<div class=\"wp-block-column is-layout-flow wp-block-column-is-layout-flow\">\n<figure class=\"wp-block-image alignwide size-large\"><img decoding=\"async\" loading=\"lazy\" width=\"1024\" height=\"620\" src=\"https:\/\/bch-multiscan.de\/wp-content\/uploads\/2023\/10\/Website-Startbild-2-1024x620.jpg\" alt=\"\" class=\"wp-image-14\" srcset=\"https:\/\/bch-multiscan.de\/wp-content\/uploads\/2023\/10\/Website-Startbild-2-1024x620.jpg 1024w, https:\/\/bch-multiscan.de\/wp-content\/uploads\/2023\/10\/Website-Startbild-2-300x182.jpg 300w, https:\/\/bch-multiscan.de\/wp-content\/uploads\/2023\/10\/Website-Startbild-2-768x465.jpg 768w, https:\/\/bch-multiscan.de\/wp-content\/uploads\/2023\/10\/Website-Startbild-2-1536x929.jpg 1536w, https:\/\/bch-multiscan.de\/wp-content\/uploads\/2023\/10\/Website-Startbild-2-1568x949.jpg 1568w, https:\/\/bch-multiscan.de\/wp-content\/uploads\/2023\/10\/Website-Startbild-2.jpg 2000w\" sizes=\"(max-width: 1024px) 100vw, 1024px\" \/><\/figure>\n<\/div>\n<\/div>\n\n\n\n<p>Die Firmen GEODOC GmbH, HNL Ingenieur- und Pr\u00fcfgesellschaft mbH sowie die Ingenieurb\u00fcro Brenner GmbH haben sich zusammengetan und eine neue Gesellschaft f\u00fcr das hochaufl\u00f6sende Scannen und Bewerten gro\u00dffl\u00e4chiger Areale, wie zum Beispiel Flughafenbetriebsfl\u00e4chen, gegr\u00fcndet.&nbsp;Die BCH Multiscan GmbH mit Sitz in Barsb\u00fcttel bei Hamburg setzt&nbsp;<strong>das modernste Mobile&nbsp;Mapping System Deutschlands ein:&nbsp;Leica Pegasus TRK EVO.<\/strong><\/p>\n\n\n\n<p>Nicht nur Flugh\u00e4fen, sondern auch Stra\u00dfen, ganze St\u00e4dte, Schwertransporte und Bahnstrecken k\u00f6nnen damit gescannt werden.<\/p>\n<\/div>\n<\/div>\n\n\n\n<h3 class=\"wp-block-heading\"><strong>Kontaktdaten<\/strong><\/h3>\n\n\n\n<div class=\"wp-block-columns is-layout-flex wp-container-7 wp-block-columns-is-layout-flex\">\n<div class=\"wp-block-column is-layout-flow wp-block-column-is-layout-flow\" style=\"flex-basis:33.33%\"><div class=\"wp-block-site-logo\"><a href=\"https:\/\/bch-multiscan.de\/\" class=\"custom-logo-link\" rel=\"home\"><img width=\"212\" height=\"268\" src=\"https:\/\/bch-multiscan.de\/wp-content\/uploads\/2023\/10\/BCH_Multiscan_Logo_4c.jpg\" class=\"custom-logo\" alt=\"Impressum\" decoding=\"async\" fetchpriority=\"high\" srcset=\"https:\/\/bch-multiscan.de\/wp-content\/uploads\/2023\/10\/BCH_Multiscan_Logo_4c.jpg 1772w, https:\/\/bch-multiscan.de\/wp-content\/uploads\/2023\/10\/BCH_Multiscan_Logo_4c-236x300.jpg 236w, https:\/\/bch-multiscan.de\/wp-content\/uploads\/2023\/10\/BCH_Multiscan_Logo_4c-807x1024.jpg 807w, https:\/\/bch-multiscan.de\/wp-content\/uploads\/2023\/10\/BCH_Multiscan_Logo_4c-768x974.jpg 768w, https:\/\/bch-multiscan.de\/wp-content\/uploads\/2023\/10\/BCH_Multiscan_Logo_4c-1211x1536.jpg 1211w, https:\/\/bch-multiscan.de\/wp-content\/uploads\/2023\/10\/BCH_Multiscan_Logo_4c-1614x2048.jpg 1614w, https:\/\/bch-multiscan.de\/wp-content\/uploads\/2023\/10\/BCH_Multiscan_Logo_4c-1568x1989.jpg 1568w\" sizes=\"(max-width: 212px) 100vw, 212px\" \/><\/a><\/div><\/div>\n\n\n\n<div class=\"wp-block-column is-layout-flow wp-block-column-is-layout-flow\" style=\"flex-basis:66.66%\">\n<p><strong>BCH Multiscan GmbH<\/strong><br>Stemwarder Landstra\u00dfe 17c<br>22885 Barsb\u00fcttel<\/p>\n\n\n\n<p>Tel.:&nbsp;040 72 000 630<\/p>\n<\/div>\n<\/div>\n\n\n\n<h2 class=\"wp-block-heading has-text-align-center\">Ihre Ansprechpartner:<\/h2>\n\n\n\n<div class=\"wp-block-columns alignwide is-layout-flex wp-container-11 wp-block-columns-is-layout-flex\">\n<div class=\"wp-block-column is-layout-flow wp-block-column-is-layout-flow\">\n<h3 class=\"wp-block-heading\">Manfred Hase<\/h3>\n\n\n\n<p><a href=\"mailto:m.hase@bch-multiscan.de\">m.hase@bch-multiscan.de<\/a><\/p>\n<\/div>\n\n\n\n<div class=\"wp-block-column is-layout-flow wp-block-column-is-layout-flow\">\n<h3 class=\"wp-block-heading\">Mario Brenner<\/h3>\n\n\n\n<p><a href=\"mailto:m.brenner@bch-multiscan.de\">m.brenner@bch-multiscan.de<\/a><\/p>\n<\/div>\n\n\n\n<div class=\"wp-block-column is-layout-flow wp-block-column-is-layout-flow\">\n<h3 class=\"wp-block-heading\">L\u00fcdeke Grasshoff<\/h3>\n\n\n\n<p><a href=\"mailto:L.grasshoff@bch-multiscan.de\">L.grasshoff@bch-multiscan.de<\/a><\/p>\n<\/div>\n<\/div>\n\n\n\n<p><strong>IMPRESSUM<\/strong><\/p>\n\n\n\n<div class=\"wp-block-group is-layout-constrained wp-block-group-is-layout-constrained\"><div class=\"wp-block-group__inner-container\">\n<p>BCH Multiscan GmbH<br>Stemwarder Landstr. 17c<br>22885 Barsb\u00fcttel<br><br>Tel. 040-72 000 630<br><br>Sitz: Barsb\u00fcttel, Amtsgericht L\u00fcbeck HRB 24037 HL<br>Umsatzsteuer-Identifikationsnummer: DE 363 022 616<br>Gesch\u00e4ftsf\u00fchrer: L\u00fcdeke Gra\u00dfhoff, \u00a0Dr. Manfred Hase, Mario Brenner<\/p>\n<\/div><\/div>\n\n\n\n<p><em>Plattform der EU-Kommission zur Online-Streitbeilegung:&nbsp;<a href=\"https:\/\/ec.europa.eu\/consumers\/odr\" target=\"_blank\" rel=\"noreferrer noopener\">https:\/\/ec.europa.eu\/consumers\/odr<\/a>&nbsp;&nbsp;<\/em><\/p>\n\n\n\n<p><em>Wir sind zur Teilnahme an einem Streitbeilegungsverfahren vor einer Verbraucherschlichtungsstelle weder verpflichtet noch bereit.<\/em><\/p>\n\n\n\n<p><em>Platform of the EU Commission regarding online dispute resolution:&nbsp;<a href=\"http:\/\/ec.europa.eu\/consumers\/odr\" target=\"_blank\" rel=\"noreferrer noopener\">http:\/\/ec.europa.eu\/consumers\/odr<\/a>&nbsp;&nbsp;<\/em><\/p>\n\n\n\n<p><em>The Seller is neither obliged nor prepared to attend a dispute settlement procedure before an alternative dispute resolution entity.<\/em><\/p>\n\n\n\n<p>&nbsp;<em>Copyright 2023 &#8211; Urheberrechtshinweis<\/em><\/p>\n\n\n\n<p><\/p>\n","protected":false},"excerpt":{"rendered":"<p>Innovative Erfassung von Flugbetriebsfl\u00e4chen Die Firmen GEODOC GmbH, HNL Ingenieur- und Pr\u00fcfgesellschaft mbH sowie die Ingenieurb\u00fcro Brenner GmbH haben sich zusammengetan und eine neue Gesellschaft f\u00fcr das hochaufl\u00f6sende Scannen und Bewerten gro\u00dffl\u00e4chiger Areale, wie zum Beispiel Flughafenbetriebsfl\u00e4chen, gegr\u00fcndet.&nbsp;Die BCH Multiscan GmbH mit Sitz in Barsb\u00fcttel bei Hamburg setzt&nbsp;das modernste Mobile&nbsp;Mapping System Deutschlands ein:&nbsp;Leica Pegasus TRK&hellip; <a class=\"more-link\" href=\"https:\/\/bch-multiscan.de\/\"><span class=\"screen-reader-text\">Mobile Mapping 3D-Laserscanning-System<\/span> weiterlesen<\/a><\/p>\n","protected":false},"author":1,"featured_media":0,"parent":0,"menu_order":0,"comment_status":"closed","ping_status":"open","template":"","meta":{"footnotes":""},"_links":{"self":[{"href":"https:\/\/bch-multiscan.de\/index.php?rest_route=\/wp\/v2\/pages\/2"}],"collection":[{"href":"https:\/\/bch-multiscan.de\/index.php?rest_route=\/wp\/v2\/pages"}],"about":[{"href":"https:\/\/bch-multiscan.de\/index.php?rest_route=\/wp\/v2\/types\/page"}],"author":[{"embeddable":true,"href":"https:\/\/bch-multiscan.de\/index.php?rest_route=\/wp\/v2\/users\/1"}],"replies":[{"embeddable":true,"href":"https:\/\/bch-multiscan.de\/index.php?rest_route=%2Fwp%2Fv2%2Fcomments&post=2"}],"version-history":[{"count":12,"href":"https:\/\/bch-multiscan.de\/index.php?rest_route=\/wp\/v2\/pages\/2\/revisions"}],"predecessor-version":[{"id":35,"href":"https:\/\/bch-multiscan.de\/index.php?rest_route=\/wp\/v2\/pages\/2\/revisions\/35"}],"wp:attachment":[{"href":"https:\/\/bch-multiscan.de\/index.php?rest_route=%2Fwp%2Fv2%2Fmedia&parent=2"}],"curies":[{"name":"wp","href":"https:\/\/api.w.org\/{rel}","templated":true}]}}